{"id":57,"date":"2024-12-21T15:34:02","date_gmt":"2024-12-21T14:34:02","guid":{"rendered":"https:\/\/weidenbaum.no-ip.biz\/wordpress\/?page_id=57"},"modified":"2025-02-04T11:19:54","modified_gmt":"2025-02-04T10:19:54","slug":"photovoltaik-und-solarthermie-im-kleingarten","status":"publish","type":"page","link":"https:\/\/weidenbaum.no-ip.biz\/wordpress\/","title":{"rendered":"Photovoltaik und Solarthermie im Kleingarten"},"content":{"rendered":"\t\t<div data-elementor-type=\"wp-page\" data-elementor-id=\"57\" class=\"elementor elementor-57\">\n\t\t\t\t<div class=\"elementor-element elementor-element-cfa29a6 e-flex e-con-boxed e-con e-parent\" data-id=\"cfa29a6\" data-element_type=\"container\">\n\t\t\t\t\t<div class=\"e-con-inner\">\n\t\t\t\t<div class=\"elementor-element elementor-element-f294cac elementor-widget elementor-widget-text-editor\" data-id=\"f294cac\" data-element_type=\"widget\" data-widget_type=\"text-editor.default\">\n\t\t\t\t<div class=\"elementor-widget-container\">\n\t\t\t\t\t\t\t\t\t<p>Im Herbst 2024 fand ich die Zeit, \u00fcber eine Solaranlage in unserem Kleingarten nachzudenken. Ich habe recherchiert und dabei viel gelernt &#8211; davon werde ich hier berichten und die Seite nach und nach im Fr\u00fchjahr 2025 erg\u00e4nzen &#8211; immer wenn es etwas Neues gibt.<\/p>\t\t\t\t\t\t\t\t<\/div>\n\t\t\t\t<\/div>\n\t\t\t\t<div class=\"elementor-element elementor-element-a618b01 elementor-widget elementor-widget-heading\" data-id=\"a618b01\" data-element_type=\"widget\" data-widget_type=\"heading.default\">\n\t\t\t\t<div class=\"elementor-widget-container\">\n\t\t\t\t\t<h2 class=\"elementor-heading-title elementor-size-default\">\u00dcber mich<\/h2>\t\t\t\t<\/div>\n\t\t\t\t<\/div>\n\t\t\t\t\t<\/div>\n\t\t\t\t<\/div>\n\t\t<div class=\"elementor-element elementor-element-374dfde e-grid e-con-boxed e-con e-parent\" data-id=\"374dfde\" data-element_type=\"container\">\n\t\t\t\t\t<div class=\"e-con-inner\">\n\t\t\t\t<div class=\"elementor-element elementor-element-ea4fbb1 elementor-widget elementor-widget-text-editor\" data-id=\"ea4fbb1\" data-element_type=\"widget\" data-widget_type=\"text-editor.default\">\n\t\t\t\t<div class=\"elementor-widget-container\">\n\t\t\t\t\t\t\t\t\t<p>Neben vielen, vielen anderen Dingen interessiere ich mich f\u00fcr Elektrotechnik\/Elektronik und erneuerbare Energien. Nat\u00fcrlich auch f\u00fcr unseren Kleingarten in Berlin Charlottenburg, hier ein Bild aus dem November 2024, wo es sp\u00e4t im Jahr noch sehr sch\u00f6n war.<\/p><p>Wegen der vielen anderen Interessen werde ich kaum Zeit haben, R\u00fcckfragen zum Inhalt zu beantworten. Hier verweise ich auf reichhaltige online-Angebote, wie z.B. das Photovoltaik-Forum. Dort kann man sich leicht anmelden, schlau machen und Fragen stellen:<\/p><p><a href=\"https:\/\/www.photovoltaikforum.com\/\">https:\/\/www.photovoltaikforum.com\/<\/a><\/p><p>\u00a0<\/p>\t\t\t\t\t\t\t\t<\/div>\n\t\t\t\t<\/div>\n\t\t\t\t<div class=\"elementor-element elementor-element-617b60f elementor-widget elementor-widget-image\" data-id=\"617b60f\" data-element_type=\"widget\" data-widget_type=\"image.default\">\n\t\t\t\t<div class=\"elementor-widget-container\">\n\t\t\t\t\t\t\t\t\t\t\t\t\t\t\t<img fetchpriority=\"high\" decoding=\"async\" width=\"800\" height=\"600\" src=\"https:\/\/weidenbaum.no-ip.biz\/wordpress\/wp-content\/uploads\/2024\/12\/me_garten-1024x768.jpg\" class=\"attachment-large size-large wp-image-93\" alt=\"\" srcset=\"https:\/\/weidenbaum.no-ip.biz\/wordpress\/wp-content\/uploads\/2024\/12\/me_garten-1024x768.jpg 1024w, https:\/\/weidenbaum.no-ip.biz\/wordpress\/wp-content\/uploads\/2024\/12\/me_garten-300x225.jpg 300w, https:\/\/weidenbaum.no-ip.biz\/wordpress\/wp-content\/uploads\/2024\/12\/me_garten-768x576.jpg 768w, https:\/\/weidenbaum.no-ip.biz\/wordpress\/wp-content\/uploads\/2024\/12\/me_garten.jpg 1280w\" sizes=\"(max-width: 800px) 100vw, 800px\" \/>\t\t\t\t\t\t\t\t\t\t\t\t\t\t\t<\/div>\n\t\t\t\t<\/div>\n\t\t\t\t\t<\/div>\n\t\t\t\t<\/div>\n\t\t<div class=\"elementor-element elementor-element-8e97bec e-flex e-con-boxed e-con e-parent\" data-id=\"8e97bec\" data-element_type=\"container\">\n\t\t\t\t\t<div class=\"e-con-inner\">\n\t\t\t\t<div class=\"elementor-element elementor-element-3d9bf0c elementor-widget elementor-widget-heading\" data-id=\"3d9bf0c\" data-element_type=\"widget\" data-widget_type=\"heading.default\">\n\t\t\t\t<div class=\"elementor-widget-container\">\n\t\t\t\t\t<h2 class=\"elementor-heading-title elementor-size-default\">Motivation<\/h2>\t\t\t\t<\/div>\n\t\t\t\t<\/div>\n\t\t\t\t<div class=\"elementor-element elementor-element-c09a4de elementor-widget elementor-widget-text-editor\" data-id=\"c09a4de\" data-element_type=\"widget\" data-widget_type=\"text-editor.default\">\n\t\t\t\t<div class=\"elementor-widget-container\">\n\t\t\t\t\t\t\t\t\t<p>Diese Seite soll dazu dienen, dass andere Kleing\u00e4rtner bei Interesse das Ganze &#8222;einfach nachmachen&#8220; k\u00f6nnen, ohne alles selbst herausfinden zu m\u00fcssen, zum Bezirksverband fahren zu m\u00fcssen und dort die gleichen Fragen erneut stellen usw.<\/p><p>Ich verdiene damit kein Geld, sondern bin daran interessiert, sagen zu k\u00f6nnen: &#8222;F\u00fcr den Strom in meinem Kleingarten muss keine Kohle und kein Gas verbrannt werden&#8220; &#8211; oder zumindest kaum noch; und dass das viele Andere ebenso von sich sagen k\u00f6nnen.<\/p><p>Das Ganze ist f\u00fcr mich ein interessantes Bastelprojekt \/ &#8222;M\u00e4nnerspielzeug&#8220;, und au\u00dferdem spart das Ganze auf l\u00e4ngere Sicht (&gt; 5 Jahre) wahrscheinlich Geld &#8211; das wird sich zeigen. Unser Stromverbrauch liegt pro Saison bei ca. 800kWh, daf\u00fcr zahlen wir ca. 300\u20ac plus ca. 100\u20ac Grundgeb\u00fchr im Jahr. Den gr\u00f6\u00dften Teil davon verbrauchen wir in der Saison von Fr\u00fchjahr bis Herbst. Im Winter, wenn es weniger Sonnenstrom gibt, verbrauchen wir auch fast nichts &#8211; dann kann der \u00dcberschuss gerne kostenlos ins Berliner Energienetz flie\u00dfen.<\/p>\t\t\t\t\t\t\t\t<\/div>\n\t\t\t\t<\/div>\n\t\t\t\t\t<\/div>\n\t\t\t\t<\/div>\n\t\t\t\t<\/div>\n\t\t","protected":false},"excerpt":{"rendered":"<p>Im Herbst 2024 fand ich die Zeit, \u00fcber eine Solaranlage in unserem Kleingarten nachzudenken. Ich habe recherchiert und dabei viel gelernt &#8211; davon werde ich hier berichten und die Seite nach und nach im Fr\u00fchjahr 2025 erg\u00e4nzen &#8211; immer wenn es etwas Neues gibt. \u00dcber mich Neben vielen, vielen anderen Dingen interessiere ich mich f\u00fcr [&hellip;]<\/p>\n","protected":false},"author":1,"featured_media":0,"parent":0,"menu_order":0,"comment_status":"closed","ping_status":"closed","template":"","meta":{"footnotes":""},"class_list":["post-57","page","type-page","status-publish","hentry"],"_links":{"self":[{"href":"https:\/\/weidenbaum.no-ip.biz\/wordpress\/index.php\/wp-json\/wp\/v2\/pages\/57","targetHints":{"allow":["GET"]}}],"collection":[{"href":"https:\/\/weidenbaum.no-ip.biz\/wordpress\/index.php\/wp-json\/wp\/v2\/pages"}],"about":[{"href":"https:\/\/weidenbaum.no-ip.biz\/wordpress\/index.php\/wp-json\/wp\/v2\/types\/page"}],"author":[{"embeddable":true,"href":"https:\/\/weidenbaum.no-ip.biz\/wordpress\/index.php\/wp-json\/wp\/v2\/users\/1"}],"replies":[{"embeddable":true,"href":"https:\/\/weidenbaum.no-ip.biz\/wordpress\/index.php\/wp-json\/wp\/v2\/comments?post=57"}],"version-history":[{"count":29,"href":"https:\/\/weidenbaum.no-ip.biz\/wordpress\/index.php\/wp-json\/wp\/v2\/pages\/57\/revisions"}],"predecessor-version":[{"id":239,"href":"https:\/\/weidenbaum.no-ip.biz\/wordpress\/index.php\/wp-json\/wp\/v2\/pages\/57\/revisions\/239"}],"wp:attachment":[{"href":"https:\/\/weidenbaum.no-ip.biz\/wordpress\/index.php\/wp-json\/wp\/v2\/media?parent=57"}],"curies":[{"name":"wp","href":"https:\/\/api.w.org\/{rel}","templated":true}]}}